{"id":114,"date":"2025-10-02T15:43:51","date_gmt":"2025-10-02T15:43:51","guid":{"rendered":"https:\/\/casamentobeatrizefilipe.com\/?page_id=114"},"modified":"2025-11-02T15:49:21","modified_gmt":"2025-11-02T15:49:21","slug":"114-2","status":"publish","type":"page","link":"https:\/\/casamentobeatrizefilipe.com\/?page_id=114","title":{"rendered":"Confirma\u00e7\u00e3o de presen\u00e7a"},"content":{"rendered":"\n<div class=\"forminator-guttenberg\"><form id=\"forminator-module-112\" class=\"forminator-custom-form forminator-custom-form-112\" method=\"post\" data-forminator-render=\"0\" data-uid=\"69e1a1653d1c2\"><div role=\"alert\" aria-live=\"polite\" class=\"forminator-response-message forminator-error\" aria-hidden=\"true\"><\/div><\/form><\/div>\n\n\n\n<div style=\"height:694px\" aria-hidden=\"true\" class=\"wp-block-spacer\"><\/div>\n\n\n\n<p><\/p>\n","protected":false},"excerpt":{"rendered":"","protected":false},"author":1,"featured_media":213,"parent":0,"menu_order":0,"comment_status":"closed","ping_status":"closed","template":"","meta":{"footnotes":""},"class_list":["post-114","page","type-page","status-publish","has-post-thumbnail","hentry"],"_links":{"self":[{"href":"https:\/\/casamentobeatrizefilipe.com\/index.php?rest_route=\/wp\/v2\/pages\/114","targetHints":{"allow":["GET"]}}],"collection":[{"href":"https:\/\/casamentobeatrizefilipe.com\/index.php?rest_route=\/wp\/v2\/pages"}],"about":[{"href":"https:\/\/casamentobeatrizefilipe.com\/index.php?rest_route=\/wp\/v2\/types\/page"}],"author":[{"embeddable":true,"href":"https:\/\/casamentobeatrizefilipe.com\/index.php?rest_route=\/wp\/v2\/users\/1"}],"replies":[{"embeddable":true,"href":"https:\/\/casamentobeatrizefilipe.com\/index.php?rest_route=%2Fwp%2Fv2%2Fcomments&post=114"}],"version-history":[{"count":4,"href":"https:\/\/casamentobeatrizefilipe.com\/index.php?rest_route=\/wp\/v2\/pages\/114\/revisions"}],"predecessor-version":[{"id":188,"href":"https:\/\/casamentobeatrizefilipe.com\/index.php?rest_route=\/wp\/v2\/pages\/114\/revisions\/188"}],"wp:featuredmedia":[{"embeddable":true,"href":"https:\/\/casamentobeatrizefilipe.com\/index.php?rest_route=\/wp\/v2\/media\/213"}],"wp:attachment":[{"href":"https:\/\/casamentobeatrizefilipe.com\/index.php?rest_route=%2Fwp%2Fv2%2Fmedia&parent=114"}],"curies":[{"name":"wp","href":"https:\/\/api.w.org\/{rel}","templated":true}]}}