{"id":41,"date":"2025-09-29T11:37:23","date_gmt":"2025-09-29T11:37:23","guid":{"rendered":"https:\/\/casamentobeatrizefilipe.com\/?page_id=41"},"modified":"2026-03-01T16:12:17","modified_gmt":"2026-03-01T16:12:17","slug":"about","status":"publish","type":"page","link":"https:\/\/casamentobeatrizefilipe.com\/?page_id=41","title":{"rendered":"Detalhes"},"content":{"rendered":"\n<h1 class=\"wp-block-heading has-large-font-size\" id=\"inspiro-is-a-digital-product-agency-that-focuses-on-strategy-and-design\" style=\"font-style:normal;font-weight:100\"><strong>O dia<\/strong><\/h1>\n\n\n\n<div style=\"height:0px\" aria-hidden=\"true\" class=\"wp-block-spacer\"><\/div>\n\n\n\n<div class=\"wp-block-columns is-layout-flex wp-container-core-columns-is-layout-28f84493 wp-block-columns-is-layout-flex\">\n<div class=\"wp-block-column is-layout-flow wp-block-column-is-layout-flow\">\n<h3 class=\"wp-block-heading has-text-align-center\">Celebra\u00e7\u00e3o<\/h3>\n\n\n\n<figure class=\"wp-block-image aligncenter size-full\"><img loading=\"lazy\" decoding=\"async\" width=\"97\" height=\"98\" src=\"https:\/\/casamentobeatrizefilipe.com\/wp-content\/uploads\/2025\/10\/logo-igreja.png\" alt=\"\" class=\"wp-image-163\"\/><\/figure>\n\n\n\n<p class=\"has-text-align-center\"><strong>Capela do Senhor das Barrocas<\/strong><br>&nbsp;pelas 12 horas<\/p>\n\n\n\n<div class=\"wp-block-buttons is-content-justification-center is-layout-flex wp-container-core-buttons-is-layout-5b5683f2 wp-block-buttons-is-layout-flex\">\n<div class=\"wp-block-button\"><a class=\"wp-block-button__link has-text-align-center wp-element-button\" href=\"https:\/\/maps.app.goo.gl\/yVAC16AWbDB1eVes5\" target=\"_blank\" rel=\"noreferrer noopener\">Localiza\u00e7\u00e3o<\/a><\/div>\n<\/div>\n\n\n\n<div style=\"height:100px\" aria-hidden=\"true\" class=\"wp-block-spacer\"><\/div>\n\n\n\n<h3 class=\"wp-block-heading has-text-align-center\">Boda<\/h3>\n\n\n\n<figure class=\"wp-block-image aligncenter size-full\"><img loading=\"lazy\" decoding=\"async\" width=\"102\" height=\"103\" src=\"http:\/\/casamentobeatrizefilipe.com\/wp-content\/uploads\/2025\/10\/logo-boda.png\" alt=\"\" class=\"wp-image-162\"\/><\/figure>\n\n\n\n<p class=\"has-text-align-center\"><strong>Quinta Cheiro D\u2019Alecrim<\/strong><br>&nbsp;<\/p>\n\n\n\n<div class=\"wp-block-buttons is-content-justification-center is-layout-flex wp-container-core-buttons-is-layout-a89b3969 wp-block-buttons-is-layout-flex\">\n<div class=\"wp-block-button\"><a class=\"wp-block-button__link wp-element-button\" href=\"https:\/\/maps.app.goo.gl\/YYBgH2Gx1KNo2hm87\" target=\"_blank\" rel=\"noreferrer noopener\">Localiza\u00e7\u00e3o<\/a><\/div>\n<\/div>\n<\/div>\n\n\n\n<div class=\"wp-block-column is-layout-flow wp-block-column-is-layout-flow\">\n<figure class=\"wp-block-image size-large\"><img loading=\"lazy\" decoding=\"async\" width=\"681\" height=\"1024\" src=\"http:\/\/casamentobeatrizefilipe.com\/wp-content\/uploads\/2025\/11\/foto-64-681x1024.jpg\" alt=\"\" class=\"wp-image-201\" style=\"aspect-ratio:3\/4;object-fit:cover\" srcset=\"https:\/\/casamentobeatrizefilipe.com\/wp-content\/uploads\/2025\/11\/foto-64-681x1024.jpg 681w, https:\/\/casamentobeatrizefilipe.com\/wp-content\/uploads\/2025\/11\/foto-64-200x300.jpg 200w, https:\/\/casamentobeatrizefilipe.com\/wp-content\/uploads\/2025\/11\/foto-64-2000x3006.jpg 2000w, https:\/\/casamentobeatrizefilipe.com\/wp-content\/uploads\/2025\/11\/foto-64-scaled.jpg 1703w\" sizes=\"auto, (max-width: 681px) 100vw, 681px\" \/><\/figure>\n<\/div>\n<\/div>\n\n\n\n<div style=\"height:100px\" aria-hidden=\"true\" class=\"wp-block-spacer\"><\/div>\n\n\n\n<h1 class=\"wp-block-heading\">Onde Ficar<\/h1>\n\n\n\n<p>Para aqueles que precisam de alojamento, recomendamos as seguintes op\u00e7\u00f5es:<\/p>\n\n\n\n<div class=\"wp-block-columns is-layout-flex wp-container-core-columns-is-layout-28f84493 wp-block-columns-is-layout-flex\">\n<div class=\"wp-block-column is-layout-flow wp-block-column-is-layout-flow\">\n<h3 class=\"wp-block-heading\">Montebelo Vista Alegre \u00cdlhavo Hotel<\/h3>\n\n\n\n<figure class=\"wp-block-image size-large\"><img loading=\"lazy\" decoding=\"async\" width=\"1024\" height=\"683\" src=\"https:\/\/casamentobeatrizefilipe.com\/wp-content\/uploads\/2025\/10\/montebelo-1024x683.jpg\" alt=\"\" class=\"wp-image-169\" style=\"object-fit:cover\" srcset=\"https:\/\/casamentobeatrizefilipe.com\/wp-content\/uploads\/2025\/10\/montebelo-1024x683.jpg 1024w, https:\/\/casamentobeatrizefilipe.com\/wp-content\/uploads\/2025\/10\/montebelo-300x200.jpg 300w, https:\/\/casamentobeatrizefilipe.com\/wp-content\/uploads\/2025\/10\/montebelo.jpg 1080w\" sizes=\"auto, (max-width: 1024px) 100vw, 1024px\" \/><\/figure>\n\n\n\n<p>Podem marcar diretamente no site do hotel com o nosso c\u00f3digo de desconto de 15%: Beatriz&amp;Filipe .<\/p>\n\n\n\n<div class=\"wp-block-buttons is-layout-flex wp-block-buttons-is-layout-flex\">\n<div class=\"wp-block-button\" id=\"https:\/\/montebelohotels.com\/montebelo-vista-alegre-ilhavo-hotel\/pt\/home\"><a class=\"wp-block-button__link wp-element-button\" href=\"https:\/\/montebelohotels.com\/montebelo-vista-alegre-ilhavo-hotel\/pt\/home\" target=\"_blank\" rel=\"noreferrer noopener\">Site do Hotel<\/a><\/div>\n<\/div>\n<\/div>\n\n\n\n<div class=\"wp-block-column is-layout-flow wp-block-column-is-layout-flow\">\n<h3 class=\"wp-block-heading\">In Gold Hotel &amp; Spa<\/h3>\n\n\n\n<figure class=\"wp-block-image aligncenter size-full\"><img loading=\"lazy\" decoding=\"async\" width=\"1080\" height=\"720\" src=\"https:\/\/casamentobeatrizefilipe.com\/wp-content\/uploads\/2025\/10\/ingold_resized.jpg\" alt=\"\" class=\"wp-image-190\" style=\"object-fit:cover\" srcset=\"https:\/\/casamentobeatrizefilipe.com\/wp-content\/uploads\/2025\/10\/ingold_resized.jpg 1080w, https:\/\/casamentobeatrizefilipe.com\/wp-content\/uploads\/2025\/10\/ingold_resized-300x200.jpg 300w, https:\/\/casamentobeatrizefilipe.com\/wp-content\/uploads\/2025\/10\/ingold_resized-1024x683.jpg 1024w\" sizes=\"auto, (max-width: 1080px) 100vw, 1080px\" \/><\/figure>\n\n\n\n<p>Podem marcar diretamente com o hotel (apenas via email ou telefone) com o nosso c\u00f3digo de desconto de 10%: FILIPEBEATRIZ26 .<\/p>\n\n\n\n<div class=\"wp-block-buttons is-layout-flex wp-block-buttons-is-layout-flex\">\n<div class=\"wp-block-button\"><a class=\"wp-block-button__link wp-element-button\" href=\"https:\/\/www.ingoldhotel.pt\/pt\/Menu\/Home.aspx\" target=\"_blank\" rel=\"noreferrer noopener\">Site do Hotel<\/a><\/div>\n<\/div>\n<\/div>\n<\/div>\n\n\n\n<div class=\"wp-block-columns is-layout-flex wp-container-core-columns-is-layout-28f84493 wp-block-columns-is-layout-flex\">\n<div class=\"wp-block-column is-layout-flow wp-block-column-is-layout-flow\">\n<h3 class=\"wp-block-heading\">WOT Pateira<\/h3>\n\n\n\n<figure class=\"wp-block-image size-full\"><img loading=\"lazy\" decoding=\"async\" width=\"680\" height=\"352\" src=\"https:\/\/casamentobeatrizefilipe.com\/wp-content\/uploads\/2026\/03\/wot.webp\" alt=\"\" class=\"wp-image-240\" style=\"aspect-ratio:16\/9;object-fit:cover\" srcset=\"https:\/\/casamentobeatrizefilipe.com\/wp-content\/uploads\/2026\/03\/wot.webp 680w, https:\/\/casamentobeatrizefilipe.com\/wp-content\/uploads\/2026\/03\/wot-300x155.webp 300w\" sizes=\"auto, (max-width: 680px) 100vw, 680px\" \/><\/figure>\n\n\n\n<p>Podem marcar diretamente com o hotel (apenas via email ou telefone) indicando que ser\u00e1 para o nosso casamento. Desconto ser\u00e1 aplicado \u00e0 tarifa normal.<\/p>\n\n\n\n<div class=\"wp-block-buttons is-layout-flex wp-block-buttons-is-layout-flex\">\n<div class=\"wp-block-button\" id=\"https:\/\/montebelohotels.com\/montebelo-vista-alegre-ilhavo-hotel\/pt\/home\"><a class=\"wp-block-button__link wp-element-button\" href=\"https:\/\/wotsoul.com\/nossos-hoteis\/wot-soul-pateira\/\">Site do Hotel<\/a><\/div>\n<\/div>\n<\/div>\n\n\n\n<div class=\"wp-block-column is-layout-flow wp-block-column-is-layout-flow\">\n<h3 class=\"wp-block-heading\">TURIM Aveiro Palace Hotel<\/h3>\n\n\n\n<figure class=\"wp-block-image aligncenter size-full\"><img loading=\"lazy\" decoding=\"async\" width=\"1280\" height=\"720\" src=\"https:\/\/casamentobeatrizefilipe.com\/wp-content\/uploads\/2026\/03\/turim.jpeg\" alt=\"\" class=\"wp-image-241\" style=\"object-fit:cover\" srcset=\"https:\/\/casamentobeatrizefilipe.com\/wp-content\/uploads\/2026\/03\/turim.jpeg 1280w, https:\/\/casamentobeatrizefilipe.com\/wp-content\/uploads\/2026\/03\/turim-300x169.jpeg 300w, https:\/\/casamentobeatrizefilipe.com\/wp-content\/uploads\/2026\/03\/turim-1024x576.jpeg 1024w\" sizes=\"auto, (max-width: 1280px) 100vw, 1280px\" \/><\/figure>\n\n\n\n<p>Ainda a trabalhar no vosso c\u00f3digo de desconto!                                                                               <\/p>\n\n\n\n<p>                                                                                                                                     <\/p>\n\n\n\n<div class=\"wp-block-buttons is-layout-flex wp-block-buttons-is-layout-flex\">\n<div class=\"wp-block-button\"><a class=\"wp-block-button__link wp-element-button\" href=\"https:\/\/turim-hotels.com\/turim-aveiro-palace-hotel\/\">Site do Hotel<\/a><\/div>\n<\/div>\n<\/div>\n<\/div>\n\n\n\n<div style=\"height:1000px\" aria-hidden=\"true\" class=\"wp-block-spacer\"><\/div>\n","protected":false},"excerpt":{"rendered":"<p>O dia Celebra\u00e7\u00e3o Capela do Senhor das Barrocas&nbsp;pelas 12 horas Boda Quinta Cheiro D\u2019Alecrim&nbsp; Onde Ficar Para aqueles que precisam de alojamento, recomendamos as seguintes op\u00e7\u00f5es: Montebelo Vista Alegre \u00cdlhavo Hotel Podem marcar diretamente no site do hotel com o nosso c\u00f3digo de desconto de 15%: Beatriz&amp;Filipe . In Gold Hotel &amp; Spa Podem marcar &hellip; <\/p>\n<p class=\"link-more\"><a href=\"https:\/\/casamentobeatrizefilipe.com\/?page_id=41\" class=\"more-link\">Read more<span class=\"screen-reader-text\"> &#8220;Detalhes&#8221;<\/span><\/a><\/p>\n","protected":false},"author":1,"featured_media":234,"parent":0,"menu_order":0,"comment_status":"closed","ping_status":"closed","template":"","meta":{"footnotes":""},"class_list":["post-41","page","type-page","status-publish","has-post-thumbnail","hentry"],"_links":{"self":[{"href":"https:\/\/casamentobeatrizefilipe.com\/index.php?rest_route=\/wp\/v2\/pages\/41","targetHints":{"allow":["GET"]}}],"collection":[{"href":"https:\/\/casamentobeatrizefilipe.com\/index.php?rest_route=\/wp\/v2\/pages"}],"about":[{"href":"https:\/\/casamentobeatrizefilipe.com\/index.php?rest_route=\/wp\/v2\/types\/page"}],"author":[{"embeddable":true,"href":"https:\/\/casamentobeatrizefilipe.com\/index.php?rest_route=\/wp\/v2\/users\/1"}],"replies":[{"embeddable":true,"href":"https:\/\/casamentobeatrizefilipe.com\/index.php?rest_route=%2Fwp%2Fv2%2Fcomments&post=41"}],"version-history":[{"count":21,"href":"https:\/\/casamentobeatrizefilipe.com\/index.php?rest_route=\/wp\/v2\/pages\/41\/revisions"}],"predecessor-version":[{"id":243,"href":"https:\/\/casamentobeatrizefilipe.com\/index.php?rest_route=\/wp\/v2\/pages\/41\/revisions\/243"}],"wp:featuredmedia":[{"embeddable":true,"href":"https:\/\/casamentobeatrizefilipe.com\/index.php?rest_route=\/wp\/v2\/media\/234"}],"wp:attachment":[{"href":"https:\/\/casamentobeatrizefilipe.com\/index.php?rest_route=%2Fwp%2Fv2%2Fmedia&parent=41"}],"curies":[{"name":"wp","href":"https:\/\/api.w.org\/{rel}","templated":true}]}}